{"id":2,"date":"2022-12-17T20:05:46","date_gmt":"2022-12-17T20:05:46","guid":{"rendered":"http:\/\/192.168.1.2:81\/franzi\/wordpress\/?page_id=2"},"modified":"2025-05-13T09:58:05","modified_gmt":"2025-05-13T08:58:05","slug":"sample-page","status":"publish","type":"page","link":"https:\/\/franzis-bilderbuch.de\/","title":{"rendered":"Hallo, sch\u00f6n dass du da bist!"},"content":{"rendered":"\n<p class=\"has-text-align-center has-black-color has-text-color has-medium-font-size\"><\/p>\n\n\n\n<p class=\"has-text-align-center has-medium-font-size\">Es freut mich, dass du deinen Weg auf meine (kleine) Website gefunden hast. <\/p>\n\n\n\n<p class=\"has-text-align-center has-medium-font-size\">Hier findest du eine Sammlung meiner fotografischen Streifz\u00fcge durch die Welt. <\/p>\n\n\n\n<p class=\"has-text-align-center has-medium-font-size\">Ich bin Franzi, 30 Jahre alt und seit einigen Jahren in Dresden beheimatet.<\/p>\n\n\n\n<p class=\"has-text-align-center has-medium-font-size\">Die Fotografie habe ich als Teenager f\u00fcr mich entdeckt. Nachdem es w\u00e4hrend des Studiums nur wenig Zeit jenseits von B\u00fcchern und Vorlesungen gab, habe ich nun wieder mehr Zeit f\u00fcr den Blick durch die Kamera gefunden. <\/p>\n\n\n\n<p class=\"has-text-align-center has-medium-font-size\">Ihr findet hier eine Auswahl an allen m\u00f6glichen Stilen und Motiven. Da ich von Natur aus kein Mensch bin, der sich schnell auf etwas spezialisiert, habe ich bisher auch keinen eindeutigen Stil f\u00fcr mich entdeckt. Vielmehr bereitet es mir gro\u00dfe Freude mich beim Fotografieren und Bearbeiten der Bilder stets neu zu entdecken und zu entfalten. <\/p>\n\n\n\n<p class=\"has-text-align-center has-medium-font-size\">Meine erste Kamera war eine Canon Powershot SX20 IS. Sp\u00e4ter habe ich das &#8222;Lager&#8220; gewechselt und \u00fcber 10 Jahre mit einer Nikon D5100 fotografiert. Vor kurzem bin ich zu Canon zur\u00fcckgekehrt und nutze nun eine Canon EOS R7. <\/p>\n\n\n\n<p class=\"has-text-align-center has-medium-font-size\">Jetzt w\u00fcnsche ich euch viel Spa\u00df beim St\u00f6bern!<\/p>\n","protected":false},"excerpt":{"rendered":"<p>Es freut mich, dass du deinen Weg auf meine (kleine) Website gefunden hast. Hier findest du eine Sammlung meiner fotografischen Streifz\u00fcge durch die Welt. Ich bin Franzi, 30 Jahre alt und seit einigen Jahren in Dresden beheimatet. Die Fotografie habe ich als Teenager f\u00fcr mich entdeckt. Nachdem es w\u00e4hrend des Studiums nur wenig Zeit jenseits von B\u00fcchern und Vorlesungen gab, habe ich nun wieder mehr Zeit f\u00fcr den Blick durch die Kamera gefunden. Ihr findet hier eine Auswahl an allen m\u00f6glichen Stilen und Motiven. Da ich von Natur aus kein Mensch bin, der sich schnell auf etwas spezialisiert, habe ich bisher auch keinen eindeutigen Stil f\u00fcr mich entdeckt. Vielmehr bereitet es mir gro\u00dfe Freude mich beim Fotografieren und Bearbeiten der Bilder stets neu zu entdecken und zu entfalten. Meine erste Kamera war eine Canon Powershot SX20 IS. Sp\u00e4ter habe ich das &#8222;Lager&#8220; gewechselt und \u00fcber 10 Jahre mit einer Nikon D5100 fotografiert. Vor kurzem bin ich zu Canon zur\u00fcckgekehrt und nutze nun eine Canon EOS R7. Jetzt w\u00fcnsche ich euch viel Spa\u00df beim St\u00f6bern!<\/p>\n","protected":false},"author":1,"featured_media":0,"parent":0,"menu_order":0,"comment_status":"closed","ping_status":"open","template":"","meta":{"footnotes":""},"class_list":["post-2","page","type-page","status-publish","hentry"],"_links":{"self":[{"href":"https:\/\/franzis-bilderbuch.de\/index.php\/wp-json\/wp\/v2\/pages\/2","targetHints":{"allow":["GET"]}}],"collection":[{"href":"https:\/\/franzis-bilderbuch.de\/index.php\/wp-json\/wp\/v2\/pages"}],"about":[{"href":"https:\/\/franzis-bilderbuch.de\/index.php\/wp-json\/wp\/v2\/types\/page"}],"author":[{"embeddable":true,"href":"https:\/\/franzis-bilderbuch.de\/index.php\/wp-json\/wp\/v2\/users\/1"}],"replies":[{"embeddable":true,"href":"https:\/\/franzis-bilderbuch.de\/index.php\/wp-json\/wp\/v2\/comments?post=2"}],"version-history":[{"count":27,"href":"https:\/\/franzis-bilderbuch.de\/index.php\/wp-json\/wp\/v2\/pages\/2\/revisions"}],"predecessor-version":[{"id":762,"href":"https:\/\/franzis-bilderbuch.de\/index.php\/wp-json\/wp\/v2\/pages\/2\/revisions\/762"}],"wp:attachment":[{"href":"https:\/\/franzis-bilderbuch.de\/index.php\/wp-json\/wp\/v2\/media?parent=2"}],"curies":[{"name":"wp","href":"https:\/\/api.w.org\/{rel}","templated":true}]}}